{"id":4385,"date":"2023-07-25T13:45:48","date_gmt":"2023-07-25T11:45:48","guid":{"rendered":"https:\/\/barcelonacampings.es\/nota-legal\/"},"modified":"2023-07-25T13:45:48","modified_gmt":"2023-07-25T11:45:48","slug":"nota-legal","status":"publish","type":"page","link":"https:\/\/barcelonacampings.es\/es\/nota-legal\/","title":{"rendered":"Nota legal"},"content":{"rendered":"<p><strong><u>INFORMACI\u00d3N CORPORATIVA<\/u><\/strong><\/p>\n<p>En cumplimiento de la Ley 34\/2002, de 11 de julio, de servicios de la sociedad de la informaci\u00f3n y de comercio electr\u00f3nico,\u00a0<strong>ASSOCIACIO CAMPINGS CV<\/strong>\u00a0le informa que es titular de los sitios web:\u00a0<strong>www.barcelonacampings.es,<\/strong>\u00a0de acuerdo con la exigencia del art\u00edculo 10 de la mencionada Ley,\u00a0<strong>ASSOCIACIO CAMPINGS CV<\/strong><strong>,\u00a0<\/strong>notifica los siguientes datos: el titular de esta p\u00e1gina web es\u00a0<strong>ASSOCIACIO CAMPINGS CV,<\/strong>\u00a0con NIF\/CIF:\u00a0<strong>G08800757.<\/strong>\u00a0Domicilio social:\u00a0<strong>GRAN VIA DE LES CORTS CATALANES 608 3? A,<\/strong>\u00a0C\u00f3digo Postal:\u00a0<strong>08007<\/strong>, Localidad:\u00a0<strong>BARCELONA,<\/strong>\u00a0Provincia:\u00a0<strong>BARCELONA<\/strong>. La direcci\u00f3n de correo electr\u00f3nico de contacto es:\u00a0<u>info@barcelonacampings.es<\/u><\/p>\n<p><strong>\u00a0<\/strong><\/p>\n<p><strong><u>USUARIO Y R\u00c9GIMEN DE RESPONSABILIDADES<\/u><\/strong><\/p>\n<p>La navegaci\u00f3n por acceso o uso de la p\u00e1gina web\u00a0<strong><u>www.barcelonacampings.es<\/u><\/strong>\u00a0y todos los subdominios y directorios incluidos bajo la misma, as\u00ed como los servicios o contenidos que a trav\u00e9s de \u00e9l se puedan obtener y todos los portales de dominio propio bajo titularidad de\u00a0<strong>ASSOCIACIO CAMPINGS CV<\/strong>, otorga la Condici\u00f3n de\u00a0<strong>Usuario<\/strong>, por la que se aceptan, al navegar por la p\u00e1gina\u00a0<strong>ASSOCIACIO CAMPINGS CV<\/strong>, todas las condiciones de uso que se establecen aqu\u00ed sin perjudicar la aplicaci\u00f3n de la correspondiente normativa de obligado cumplimiento legal seg\u00fan el caso.<\/p>\n<p>Por eso, si las consideraciones detalladas en este aviso legal no son de su conformidad, rogamos no haga uso del portal, ya que cualquier uso que haga del mismo o los servicios y contenidos en \u00e9l incluidos implicar\u00e1 la aceptaci\u00f3n de los t\u00e9rminos legales recogidos en este texto.<\/p>\n<p>La p\u00e1gina web de\u00a0<strong>ASSOCIACIO CAMPINGS CV<\/strong>\u00a0proporciona gran diversidad de informaci\u00f3n, servicios y datos. El usuario asume su responsabilidad en el uso correcto de los sitios web. Esta responsabilidad se extender\u00e1 a: La veracidad y licitud de las informaciones aportadas por el usuario en los formularios emitidos por\u00a0<strong>ASSOCIACIO CAMPINGS CV<\/strong>\u00a0para acceder a determinados contenidos o servicios ofrecidos por la web.<\/p>\n<p>El uso de la informaci\u00f3n, servicios y datos ofrecidos por\u00a0<strong>ASSOCIACIO CAMPINGS CV\u00a0<\/strong>no ir\u00e1n contra las disposiciones de estas condiciones, la Ley, la moral, las buenas costumbres o el orden p\u00fablico o que, en otro caso, puedan suponer lesi\u00f3n de los derechos de terceros o del funcionamiento de los sitios web. A tal efecto, el Usuario se abstendr\u00e1 de utilizar cualquiera de los contenidos con fines o efectos il\u00edcitos, prohibidos en este texto, lesivos de los derechos e intereses de terceros, o que de cualquier forma puedan da\u00f1ar, inutilizar, sobrecargar, deteriorar o impedir la normal utilizaci\u00f3n de los contenidos, otros Usuarios o de cualquier usuario de Internet (hardware y software).<\/p>\n<p>Los usuarios responder\u00e1n de los da\u00f1os y perjuicios de toda naturaleza que la empresa propietaria de la web pueda sufrir, directa o indirectamente, como consecuencia de incumplimiento de cualquiera de las obligaciones derivadas del uso de la Web y de esta pol\u00edtica de privacidad.<\/p>\n<p>En particular, ya t\u00edtulo meramente indicativo y no exhaustivo, el Usuario se compromete a no transmitir, difundir o poner a disposici\u00f3n de terceros informaciones, datos, contenidos, mensajes, gr\u00e1ficos, dibujos, archivos de sonido y\/o imagen, fotograf\u00edas de la web.<\/p>\n","protected":false},"excerpt":{"rendered":"<p>INFORMACI\u00d3N CORPORATIVA En cumplimiento de la Ley 34\/2002, de 11  [&#8230;]<\/p>\n","protected":false},"author":2,"featured_media":0,"parent":0,"menu_order":0,"comment_status":"closed","ping_status":"closed","template":"100-width.php","meta":{"_acf_changed":false,"footnotes":""},"class_list":["post-4385","page","type-page","status-publish","hentry"],"acf":[],"yoast_head":"<!-- This site is optimized with the Yoast SEO plugin v26.1.1 - https:\/\/yoast.com\/wordpress\/plugins\/seo\/ -->\n<title>Nota legal - Associaci\u00f3n de C\u00e1mpings y C.V. de Barcelona<\/title>\n<meta name=\"robots\" content=\"index, follow, max-snippet:-1, max-image-preview:large, max-video-preview:-1\" \/>\n<link rel=\"canonical\" href=\"https:\/\/barcelonacampings.es\/es\/nota-legal\/\" \/>\n<meta property=\"og:locale\" content=\"es_ES\" \/>\n<meta property=\"og:type\" content=\"article\" \/>\n<meta property=\"og:title\" content=\"Nota legal - Associaci\u00f3n de C\u00e1mpings y C.V. de Barcelona\" \/>\n<meta property=\"og:description\" content=\"INFORMACI\u00d3N CORPORATIVA En cumplimiento de la Ley 34\/2002, de 11 [...]\" \/>\n<meta property=\"og:url\" content=\"https:\/\/barcelonacampings.es\/es\/nota-legal\/\" \/>\n<meta property=\"og:site_name\" content=\"Associaci\u00f3n de C\u00e1mpings y C.V. de Barcelona\" \/>\n<meta name=\"twitter:card\" content=\"summary_large_image\" \/>\n<meta name=\"twitter:label1\" content=\"Tiempo de lectura\" \/>\n\t<meta name=\"twitter:data1\" content=\"3 minutos\" \/>\n<script type=\"application\/ld+json\" class=\"yoast-schema-graph\">{\"@context\":\"https:\/\/schema.org\",\"@graph\":[{\"@type\":\"WebPage\",\"@id\":\"https:\/\/barcelonacampings.es\/es\/nota-legal\/\",\"url\":\"https:\/\/barcelonacampings.es\/es\/nota-legal\/\",\"name\":\"Nota legal - Associaci\u00f3n de C\u00e1mpings y C.V. de Barcelona\",\"isPartOf\":{\"@id\":\"https:\/\/barcelonacampings.es\/es\/#website\"},\"datePublished\":\"2023-07-25T11:45:48+00:00\",\"breadcrumb\":{\"@id\":\"https:\/\/barcelonacampings.es\/es\/nota-legal\/#breadcrumb\"},\"inLanguage\":\"es\",\"potentialAction\":[{\"@type\":\"ReadAction\",\"target\":[\"https:\/\/barcelonacampings.es\/es\/nota-legal\/\"]}]},{\"@type\":\"BreadcrumbList\",\"@id\":\"https:\/\/barcelonacampings.es\/es\/nota-legal\/#breadcrumb\",\"itemListElement\":[{\"@type\":\"ListItem\",\"position\":1,\"name\":\"Inici\",\"item\":\"https:\/\/barcelonacampings.es\/es\/\"},{\"@type\":\"ListItem\",\"position\":2,\"name\":\"Nota legal\"}]},{\"@type\":\"WebSite\",\"@id\":\"https:\/\/barcelonacampings.es\/es\/#website\",\"url\":\"https:\/\/barcelonacampings.es\/es\/\",\"name\":\"Associaci\u00f3n de C\u00e1mpings y C.V. de Barcelona\",\"description\":\"\",\"potentialAction\":[{\"@type\":\"SearchAction\",\"target\":{\"@type\":\"EntryPoint\",\"urlTemplate\":\"https:\/\/barcelonacampings.es\/es\/?s={search_term_string}\"},\"query-input\":{\"@type\":\"PropertyValueSpecification\",\"valueRequired\":true,\"valueName\":\"search_term_string\"}}],\"inLanguage\":\"es\"}]}<\/script>\n<!-- \/ Yoast SEO plugin. -->","yoast_head_json":{"title":"Nota legal - Associaci\u00f3n de C\u00e1mpings y C.V. de Barcelona","robots":{"index":"index","follow":"follow","max-snippet":"max-snippet:-1","max-image-preview":"max-image-preview:large","max-video-preview":"max-video-preview:-1"},"canonical":"https:\/\/barcelonacampings.es\/es\/nota-legal\/","og_locale":"es_ES","og_type":"article","og_title":"Nota legal - Associaci\u00f3n de C\u00e1mpings y C.V. de Barcelona","og_description":"INFORMACI\u00d3N CORPORATIVA En cumplimiento de la Ley 34\/2002, de 11 [...]","og_url":"https:\/\/barcelonacampings.es\/es\/nota-legal\/","og_site_name":"Associaci\u00f3n de C\u00e1mpings y C.V. de Barcelona","twitter_card":"summary_large_image","twitter_misc":{"Tiempo de lectura":"3 minutos"},"schema":{"@context":"https:\/\/schema.org","@graph":[{"@type":"WebPage","@id":"https:\/\/barcelonacampings.es\/es\/nota-legal\/","url":"https:\/\/barcelonacampings.es\/es\/nota-legal\/","name":"Nota legal - Associaci\u00f3n de C\u00e1mpings y C.V. de Barcelona","isPartOf":{"@id":"https:\/\/barcelonacampings.es\/es\/#website"},"datePublished":"2023-07-25T11:45:48+00:00","breadcrumb":{"@id":"https:\/\/barcelonacampings.es\/es\/nota-legal\/#breadcrumb"},"inLanguage":"es","potentialAction":[{"@type":"ReadAction","target":["https:\/\/barcelonacampings.es\/es\/nota-legal\/"]}]},{"@type":"BreadcrumbList","@id":"https:\/\/barcelonacampings.es\/es\/nota-legal\/#breadcrumb","itemListElement":[{"@type":"ListItem","position":1,"name":"Inici","item":"https:\/\/barcelonacampings.es\/es\/"},{"@type":"ListItem","position":2,"name":"Nota legal"}]},{"@type":"WebSite","@id":"https:\/\/barcelonacampings.es\/es\/#website","url":"https:\/\/barcelonacampings.es\/es\/","name":"Associaci\u00f3n de C\u00e1mpings y C.V. de Barcelona","description":"","potentialAction":[{"@type":"SearchAction","target":{"@type":"EntryPoint","urlTemplate":"https:\/\/barcelonacampings.es\/es\/?s={search_term_string}"},"query-input":{"@type":"PropertyValueSpecification","valueRequired":true,"valueName":"search_term_string"}}],"inLanguage":"es"}]}},"_links":{"self":[{"href":"https:\/\/barcelonacampings.es\/es\/wp-json\/wp\/v2\/pages\/4385","targetHints":{"allow":["GET"]}}],"collection":[{"href":"https:\/\/barcelonacampings.es\/es\/wp-json\/wp\/v2\/pages"}],"about":[{"href":"https:\/\/barcelonacampings.es\/es\/wp-json\/wp\/v2\/types\/page"}],"author":[{"embeddable":true,"href":"https:\/\/barcelonacampings.es\/es\/wp-json\/wp\/v2\/users\/2"}],"replies":[{"embeddable":true,"href":"https:\/\/barcelonacampings.es\/es\/wp-json\/wp\/v2\/comments?post=4385"}],"version-history":[{"count":0,"href":"https:\/\/barcelonacampings.es\/es\/wp-json\/wp\/v2\/pages\/4385\/revisions"}],"wp:attachment":[{"href":"https:\/\/barcelonacampings.es\/es\/wp-json\/wp\/v2\/media?parent=4385"}],"curies":[{"name":"wp","href":"https:\/\/api.w.org\/{rel}","templated":true}]}}